{"id":30,"date":"2017-04-05T15:50:20","date_gmt":"2017-04-05T15:50:20","guid":{"rendered":"http:\/\/www.evoracathedral.com\/?page_id=30"},"modified":"2026-01-16T16:31:25","modified_gmt":"2026-01-16T16:31:25","slug":"catedralse","status":"publish","type":"page","link":"https:\/\/www.evoracathedral.com\/index.php\/historia\/catedralse\/","title":{"rendered":"Catedral \/ S\u00e9"},"content":{"rendered":"<p><\/p>\n<p style=\"text-align: center;\"><span style=\"font-size: 14pt;\">A S\u00e9 ou Catedral de \u00c9vora \u00e9 a maior e uma das mais belas de Portugal. \u00c9 um dos ex-libris da cidade, classificada pela UNESCO como \u201cPatrim\u00f3nio da Humanidade\u201d.<\/span><\/p>\n<p style=\"text-align: center;\"><span style=\"font-size: 14pt;\">Por isso n\u00e3o se pode passar por \u00c9vora sem visitar a sua Catedral.<\/span><\/p>\n<p style=\"text-align: center;\">\u00a0<\/p>\n<div class=\"csRow\">\n<div class=\"csRow\">\n<div class=\"csColumnGap\" style=\"margin: 0px; padding: 0px; float: left; width: 1.5%;\"><img decoding=\"async\" style=\"border: none;\" src=\"http:\/\/www.evoracathedral.com\/wp-content\/plugins\/advanced-wp-columns\/assets\/js\/plugins\/views\/img\/1x1-pixel.png\" \/><\/div>\n<div class=\"csColumn\" style=\"margin: 0px; padding: 0px; float: left; width: 47.7%;\" data-csstartpoint=\"15\" data-csendpoint=\"492\" data-cswidth=\"47.7%\" data-csid=\"3808d9a9-e25d-5223-a130-60697d5b8e85\"><div style=\"width: 570px\" class=\"wp-caption alignnone\"><img loading=\"lazy\" decoding=\"async\" src=\"http:\/\/www.evoracathedral.com\/wp-content\/uploads\/2017\/04\/Body_Historia1-1.jpg\" alt=\"\" width=\"560\" height=\"372\" \/><p class=\"wp-caption-text\">Zimb\u00f3rio ou Torre Lanterna<\/p><\/div><\/p>\n<p>&nbsp;<\/p>\n<\/div>\n<div class=\"csColumnGap\" style=\"margin: 0px; padding: 0px; float: left; width: 1.5%;\"><img decoding=\"async\" style=\"border: none;\" src=\"http:\/\/www.evoracathedral.com\/wp-content\/plugins\/advanced-wp-columns\/assets\/js\/plugins\/views\/img\/1x1-pixel.png\" \/><\/div>\n<div class=\"csColumn\" style=\"margin: 0px; padding: 0px; float: left; width: 47.8%;\" data-csstartpoint=\"507\" data-csendpoint=\"985\" data-cswidth=\"47.8%\" data-csid=\"6db48b1b-6dee-7359-b021-fd03ce7debe2\">\n<p>&nbsp;<\/p>\n<p>A sua constru\u00e7\u00e3o, dentro do estilo romano-g\u00f3tico, tem a forma de uma cruz latina mais vis\u00edvel no interior. Ter\u00e1 sido iniciada por volta de 1280 e terminada cerca de 1350, portanto s\u00e9c. XIII-XIV.<\/p>\n<p>&nbsp;<\/p>\n<p>Situada na Acr\u00f3pole, o ponto mais alto da cidade, onde tamb\u00e9m se encontra o templo de Diana, avulta ao longe pela sua beleza o zimb\u00f3rio ou torre lanterna, muito semelhante \u00e0 da S\u00e9 velha de Salamanca e \u00e0 de Plasencia e Zamora, em Espanha.<\/p>\n<p>&nbsp;<\/p>\n<p>Igualmente percet\u00edvel \u00e9 a forma de fortaleza, vis\u00edvel no terra\u00e7o cercado de ameias, t\u00edpica das igrejas-fortaleza da idade m\u00e9dia.<\/p>\n<p>[QUADRADO VERMELHO]<\/p>\n<\/div>\n<div class=\"csColumnGap\" style=\"margin: 0px; padding: 0px; float: left; width: 1.5%;\"><img decoding=\"async\" style=\"border: none;\" src=\"http:\/\/www.evoracathedral.com\/wp-content\/plugins\/advanced-wp-columns\/assets\/js\/plugins\/views\/img\/1x1-pixel.png\" \/><\/div>\n<div style=\"clear: both; float: none; display: block; visibility: hidden; width: 0px; font-size: 0px; line-height: 0;\">\u00a0<\/div>\n<\/div>\n<p><br class=\"nc\" \/><br \/>\n \u00a0<\/div>\n<p><\/p>","protected":false},"excerpt":{"rendered":"<p>A S\u00e9 ou Catedral de \u00c9vora \u00e9 a maior e uma das mais belas de Portugal. \u00c9 um dos ex-libris da cidade, classificada pela UNESCO como \u201cPatrim\u00f3nio da Humanidade\u201d. Por isso n\u00e3o se pode passar por \u00c9vora sem visitar a sua Catedral. \u00a0 &nbsp; &nbsp; A sua constru\u00e7\u00e3o, dentro do estilo romano-g\u00f3tico, tem a forma [&hellip;]<\/p>\n","protected":false},"author":1,"featured_media":250,"parent":28,"menu_order":1,"comment_status":"closed","ping_status":"closed","template":"","meta":{"footnotes":""},"class_list":["post-30","page","type-page","status-publish","has-post-thumbnail","hentry"],"_links":{"self":[{"href":"https:\/\/www.evoracathedral.com\/index.php\/wp-json\/wp\/v2\/pages\/30","targetHints":{"allow":["GET"]}}],"collection":[{"href":"https:\/\/www.evoracathedral.com\/index.php\/wp-json\/wp\/v2\/pages"}],"about":[{"href":"https:\/\/www.evoracathedral.com\/index.php\/wp-json\/wp\/v2\/types\/page"}],"author":[{"embeddable":true,"href":"https:\/\/www.evoracathedral.com\/index.php\/wp-json\/wp\/v2\/users\/1"}],"replies":[{"embeddable":true,"href":"https:\/\/www.evoracathedral.com\/index.php\/wp-json\/wp\/v2\/comments?post=30"}],"version-history":[{"count":34,"href":"https:\/\/www.evoracathedral.com\/index.php\/wp-json\/wp\/v2\/pages\/30\/revisions"}],"predecessor-version":[{"id":766,"href":"https:\/\/www.evoracathedral.com\/index.php\/wp-json\/wp\/v2\/pages\/30\/revisions\/766"}],"up":[{"embeddable":true,"href":"https:\/\/www.evoracathedral.com\/index.php\/wp-json\/wp\/v2\/pages\/28"}],"wp:featuredmedia":[{"embeddable":true,"href":"https:\/\/www.evoracathedral.com\/index.php\/wp-json\/wp\/v2\/media\/250"}],"wp:attachment":[{"href":"https:\/\/www.evoracathedral.com\/index.php\/wp-json\/wp\/v2\/media?parent=30"}],"curies":[{"name":"wp","href":"https:\/\/api.w.org\/{rel}","templated":true}]}}