{"id":44,"date":"2017-04-05T15:52:14","date_gmt":"2017-04-05T15:52:14","guid":{"rendered":"http:\/\/www.evoracathedral.com\/?page_id=44"},"modified":"2026-01-16T16:31:25","modified_gmt":"2026-01-16T16:31:25","slug":"edificio","status":"publish","type":"page","link":"https:\/\/www.evoracathedral.com\/index.php\/museu\/edificio\/","title":{"rendered":"Edif\u00edcio"},"content":{"rendered":"<p><\/p>\n<div class=\"csRow\">\n<div class=\"csColumnGap\" style=\"margin: 0px; padding: 0px; float: left; width: 1.56%;\"><img decoding=\"async\" style=\"border: none;\" src=\"http:\/\/www.evoracathedral.com\/wp-content\/plugins\/advanced-wp-columns\/assets\/js\/plugins\/views\/img\/1x1-pixel.png\" \/><\/div>\n<div class=\"csColumn\" style=\"margin: 0px; padding: 0px; float: left; width: 47.7%;\" data-csstartpoint=\"15\" data-csendpoint=\"472.5\" data-cswidth=\"47.7%\" data-csid=\"86069960-a113-eb23-9b2d-f60122f3fd7a\"><div id=\"attachment_408\" style=\"width: 558px\" class=\"wp-caption alignnone\"><img loading=\"lazy\" decoding=\"async\" aria-describedby=\"caption-attachment-408\" class=\"size-full wp-image-408\" src=\"http:\/\/www.evoracathedral.com\/wp-content\/uploads\/2017\/04\/Body_Museu2.jpg\" alt=\"\" width=\"548\" height=\"367\" srcset=\"https:\/\/www.evoracathedral.com\/wp-content\/uploads\/2017\/04\/Body_Museu2.jpg 548w, https:\/\/www.evoracathedral.com\/wp-content\/uploads\/2017\/04\/Body_Museu2-300x201.jpg 300w\" sizes=\"auto, (max-width: 548px) 100vw, 548px\" \/><p id=\"caption-attachment-408\" class=\"wp-caption-text\">Uma das fachadas<\/p><\/div><\/p>\n<p>&nbsp;<\/p>\n<p style=\"text-align: right;\">O edif\u00edcio foi requalificado entre 2007 e 2008, com a finalidade de acolher o Museu de Arte Sacra ou Tesouro da Catedral e foi mantida a sua identidade, o que confere a este museu um car\u00e1cter diferenciador. O pr\u00f3prio edif\u00edcio \u00e9 em si mesmo museu, enquanto mem\u00f3ria de uma extraordin\u00e1ria cultura no campo musical. Grandes surpresas lhe oferecem uma visita a este edif\u00edcio.<\/p>\n<p style=\"text-align: right;\">[QUADRADO VERMELHO]<\/p>\n<\/div>\n<div class=\"csColumnGap\" style=\"margin: 0px; padding: 0px; float: left; width: 1.56%;\"><img decoding=\"async\" style=\"border: none;\" src=\"http:\/\/www.evoracathedral.com\/wp-content\/plugins\/advanced-wp-columns\/assets\/js\/plugins\/views\/img\/1x1-pixel.png\" \/><\/div>\n<div class=\"csColumn\" style=\"margin: 0px; padding: 0px; float: left; width: 47.7%;\" data-csstartpoint=\"487.5\" data-csendpoint=\"945\" data-cswidth=\"47.7%\" data-csid=\"59118ef7-b1c3-26af-8c98-9c1d0e45f53c\">\n<p>Este monumental edif\u00edcio de s\u00f3brio estilo barroco foi concebido e edificado para alojar os Mo\u00e7os do Coro da S\u00e9, em substitui\u00e7\u00e3o de instala\u00e7\u00f5es henriquinas consideradas inadequadas para a Escola de M\u00fasica da S\u00e9 e dos Mo\u00e7os que a frequentavam.<\/p>\n<p>&nbsp;<\/p>\n<p>Apresenta por isso a estrutura de um internato, com celas ou quartos em cada um dos dois pisos, com amplos corredores que permitiam aos alunos contemplar tamb\u00e9m a vastid\u00e3o da paisagem e ainda uma sala de canto coral e capela ou orat\u00f3rio.<\/p>\n<p>&nbsp;<\/p>\n<p>No piso-terra ficava a \u00e1rea de servi\u00e7os, como seja o refeit\u00f3rio, a cozinha e as dispensas.<\/p>\n<div id=\"attachment_407\" style=\"width: 570px\" class=\"wp-caption alignnone\"><img loading=\"lazy\" decoding=\"async\" aria-describedby=\"caption-attachment-407\" class=\"wp-image-407 size-full\" src=\"http:\/\/www.evoracathedral.com\/wp-content\/uploads\/2017\/04\/Body_Museu1.jpg\" alt=\"\" width=\"560\" height=\"769\" srcset=\"https:\/\/www.evoracathedral.com\/wp-content\/uploads\/2017\/04\/Body_Museu1.jpg 560w, https:\/\/www.evoracathedral.com\/wp-content\/uploads\/2017\/04\/Body_Museu1-218x300.jpg 218w\" sizes=\"auto, (max-width: 560px) 100vw, 560px\" \/><p id=\"caption-attachment-407\" class=\"wp-caption-text\">Acesso ao Museu pela Catedral<\/p><\/div>\n<p>&nbsp;<\/p>\n<\/div>\n<div class=\"csColumnGap\" style=\"margin: 0px; padding: 0px; float: left; width: 1.56%;\"><img decoding=\"async\" style=\"border: none;\" src=\"http:\/\/www.evoracathedral.com\/wp-content\/plugins\/advanced-wp-columns\/assets\/js\/plugins\/views\/img\/1x1-pixel.png\" \/><\/div>\n<div style=\"clear: both; float: none; display: block; visibility: hidden; width: 0px; font-size: 0px; line-height: 0;\">\u00a0<\/div>\n<\/div>\n<p>&nbsp;<\/p>\n<p><\/p>","protected":false},"excerpt":{"rendered":"<p>&nbsp; O edif\u00edcio foi requalificado entre 2007 e 2008, com a finalidade de acolher o Museu de Arte Sacra ou Tesouro da Catedral e foi mantida a sua identidade, o que confere a este museu um car\u00e1cter diferenciador. O pr\u00f3prio edif\u00edcio \u00e9 em si mesmo museu, enquanto mem\u00f3ria de uma extraordin\u00e1ria cultura no campo musical. [&hellip;]<\/p>\n","protected":false},"author":1,"featured_media":252,"parent":42,"menu_order":1,"comment_status":"closed","ping_status":"closed","template":"","meta":{"footnotes":""},"class_list":["post-44","page","type-page","status-publish","has-post-thumbnail","hentry"],"_links":{"self":[{"href":"https:\/\/www.evoracathedral.com\/index.php\/wp-json\/wp\/v2\/pages\/44","targetHints":{"allow":["GET"]}}],"collection":[{"href":"https:\/\/www.evoracathedral.com\/index.php\/wp-json\/wp\/v2\/pages"}],"about":[{"href":"https:\/\/www.evoracathedral.com\/index.php\/wp-json\/wp\/v2\/types\/page"}],"author":[{"embeddable":true,"href":"https:\/\/www.evoracathedral.com\/index.php\/wp-json\/wp\/v2\/users\/1"}],"replies":[{"embeddable":true,"href":"https:\/\/www.evoracathedral.com\/index.php\/wp-json\/wp\/v2\/comments?post=44"}],"version-history":[{"count":14,"href":"https:\/\/www.evoracathedral.com\/index.php\/wp-json\/wp\/v2\/pages\/44\/revisions"}],"predecessor-version":[{"id":710,"href":"https:\/\/www.evoracathedral.com\/index.php\/wp-json\/wp\/v2\/pages\/44\/revisions\/710"}],"up":[{"embeddable":true,"href":"https:\/\/www.evoracathedral.com\/index.php\/wp-json\/wp\/v2\/pages\/42"}],"wp:featuredmedia":[{"embeddable":true,"href":"https:\/\/www.evoracathedral.com\/index.php\/wp-json\/wp\/v2\/media\/252"}],"wp:attachment":[{"href":"https:\/\/www.evoracathedral.com\/index.php\/wp-json\/wp\/v2\/media?parent=44"}],"curies":[{"name":"wp","href":"https:\/\/api.w.org\/{rel}","templated":true}]}}