{"id":46,"date":"2017-04-05T15:52:31","date_gmt":"2017-04-05T15:52:31","guid":{"rendered":"http:\/\/www.evoracathedral.com\/?page_id=46"},"modified":"2026-01-16T16:31:25","modified_gmt":"2026-01-16T16:31:25","slug":"tesouro","status":"publish","type":"page","link":"https:\/\/www.evoracathedral.com\/index.php\/museu\/tesouro\/","title":{"rendered":"Tesouro"},"content":{"rendered":"<p><\/p>\n<p style=\"text-align: center;\"><span style=\"font-size: 14pt;\">O tesouro da S\u00e9 integra um valioso esp\u00f3lio de pe\u00e7as de arte, que nos transmitem a mem\u00f3ria religiosa e cultural do nosso povo, toda ela de matriz crist\u00e3.<\/span><\/p>\n<p style=\"text-align: center;\">\u00a0<\/p>\n<p style=\"text-align: center;\">\u00a0<\/p>\n<div class=\"csRow\">\n<div class=\"csColumnGap\" style=\"margin: 0px; padding: 0px; float: left; width: 1.5%;\"><img decoding=\"async\" style=\"border: none;\" src=\"http:\/\/www.evoracathedral.com\/wp-content\/plugins\/advanced-wp-columns\/assets\/js\/plugins\/views\/img\/1x1-pixel.png\" \/><\/div>\n<div class=\"csColumn\" style=\"margin: 0px; padding: 0px; float: left; width: 45.7%;\" data-csstartpoint=\"15\" data-csendpoint=\"472\" data-cswidth=\"45.7%\" data-csid=\"c7c36745-9332-57c7-b77e-e9792c2c1915\"><div id=\"attachment_410\" style=\"width: 570px\" class=\"wp-caption alignnone\"><img loading=\"lazy\" decoding=\"async\" aria-describedby=\"caption-attachment-410\" src=\"http:\/\/www.evoracathedral.com\/wp-content\/uploads\/2017\/05\/Body_Tesouro2.jpg\" alt=\"\" width=\"560\" height=\"539\" \/><p id=\"caption-attachment-410\" class=\"wp-caption-text\">Aspeto do espa\u00e7o expositivo<\/p><\/div><\/p>\n<p>&nbsp;<\/p>\n<p style=\"text-align: right;\"><span style=\"font-size: 12pt;\">S\u00e3o pe\u00e7as \u00fanicas em Portugal, que merecem visita obrigat\u00f3ria.<\/span><\/p>\n<p style=\"text-align: right;\">[QUADRADO VERMELHO]<\/p>\n<\/div>\n<div class=\"csColumnGap\" style=\"margin: 0px; padding: 0px; float: left; width: 1.5%;\"><img decoding=\"async\" style=\"border: none;\" src=\"http:\/\/www.evoracathedral.com\/wp-content\/plugins\/advanced-wp-columns\/assets\/js\/plugins\/views\/img\/1x1-pixel.png\" \/><\/div>\n<div class=\"csColumn\" style=\"margin: 0px; padding: 0px; float: left; width: 45.8%;\" data-csstartpoint=\"487\" data-csendpoint=\"945\" data-cswidth=\"45.8%\" data-csid=\"23d19e68-6300-8419-9b6b-3d8bda530406\">\n<p>&nbsp;<\/p>\n<p>Desde o s\u00e9c. XIII ao s\u00e9c. XX, arte e f\u00e9 deram as m\u00e3os para transmitir sentimentos e valores, capazes ainda hoje de mobilizar uma cultura fraterna, solid\u00e1ria e plural.<\/p>\n<p>&nbsp;<\/p>\n<p>Da produ\u00e7\u00e3o art\u00edstica a\u00ed exposta sobressai a pintura, sobretudo de artistas da Escola de \u00c9vora, a escultura, a ourivesaria e a paramenta\u00e7\u00e3o, que fazem deste Museu um dos mais valiosos da cidade e ao sul do pa\u00eds.<\/p>\n<p>&nbsp;<\/p>\n<p>Aten\u00e7\u00e3o especial merecem as art\u00edsticas e valiosas pe\u00e7as, autenticas joias, do Santo Lenho com a rel\u00edquia da Santa Cruz e a Virgem do Para\u00edso ou Virgem Abrideira.<\/p>\n<p><div id=\"attachment_201\" style=\"width: 570px\" class=\"wp-caption alignnone\"><img loading=\"lazy\" decoding=\"async\" aria-describedby=\"caption-attachment-201\" src=\"http:\/\/www.evoracathedral.com\/wp-content\/uploads\/2017\/05\/Body_Tesouro.jpg\" alt=\"\" width=\"560\" height=\"788\" \/><p id=\"caption-attachment-201\" class=\"wp-caption-text\">Santas M\u00e3es<\/p><\/div><\/div>\n<div class=\"csColumnGap\" style=\"margin: 0px; padding: 0px; float: left; width: 5.5%;\"><img decoding=\"async\" style=\"border: none;\" src=\"http:\/\/www.evoracathedral.com\/wp-content\/plugins\/advanced-wp-columns\/assets\/js\/plugins\/views\/img\/1x1-pixel.png\" \/><\/div>\n<div style=\"clear: both; float: none; display: block; visibility: hidden; width: 0px; font-size: 0px; line-height: 0;\">\u00a0<\/div>\n<\/div>\n<p style=\"text-align: center;\"><br class=\"nc\" \/><br \/>\n \u00a0<\/p>\n<p><\/p>","protected":false},"excerpt":{"rendered":"<p>O tesouro da S\u00e9 integra um valioso esp\u00f3lio de pe\u00e7as de arte, que nos transmitem a mem\u00f3ria religiosa e cultural do nosso povo, toda ela de matriz crist\u00e3. \u00a0 \u00a0 &nbsp; S\u00e3o pe\u00e7as \u00fanicas em Portugal, que merecem visita obrigat\u00f3ria. [QUADRADO VERMELHO] &nbsp; Desde o s\u00e9c. XIII ao s\u00e9c. XX, arte e f\u00e9 deram as [&hellip;]<\/p>\n","protected":false},"author":1,"featured_media":458,"parent":42,"menu_order":2,"comment_status":"closed","ping_status":"closed","template":"","meta":{"footnotes":""},"class_list":["post-46","page","type-page","status-publish","has-post-thumbnail","hentry"],"_links":{"self":[{"href":"https:\/\/www.evoracathedral.com\/index.php\/wp-json\/wp\/v2\/pages\/46","targetHints":{"allow":["GET"]}}],"collection":[{"href":"https:\/\/www.evoracathedral.com\/index.php\/wp-json\/wp\/v2\/pages"}],"about":[{"href":"https:\/\/www.evoracathedral.com\/index.php\/wp-json\/wp\/v2\/types\/page"}],"author":[{"embeddable":true,"href":"https:\/\/www.evoracathedral.com\/index.php\/wp-json\/wp\/v2\/users\/1"}],"replies":[{"embeddable":true,"href":"https:\/\/www.evoracathedral.com\/index.php\/wp-json\/wp\/v2\/comments?post=46"}],"version-history":[{"count":21,"href":"https:\/\/www.evoracathedral.com\/index.php\/wp-json\/wp\/v2\/pages\/46\/revisions"}],"predecessor-version":[{"id":807,"href":"https:\/\/www.evoracathedral.com\/index.php\/wp-json\/wp\/v2\/pages\/46\/revisions\/807"}],"up":[{"embeddable":true,"href":"https:\/\/www.evoracathedral.com\/index.php\/wp-json\/wp\/v2\/pages\/42"}],"wp:featuredmedia":[{"embeddable":true,"href":"https:\/\/www.evoracathedral.com\/index.php\/wp-json\/wp\/v2\/media\/458"}],"wp:attachment":[{"href":"https:\/\/www.evoracathedral.com\/index.php\/wp-json\/wp\/v2\/media?parent=46"}],"curies":[{"name":"wp","href":"https:\/\/api.w.org\/{rel}","templated":true}]}}