{"id":48,"date":"2017-04-05T15:52:48","date_gmt":"2017-04-05T15:52:48","guid":{"rendered":"http:\/\/www.evoracathedral.com\/?page_id=48"},"modified":"2026-01-16T16:31:25","modified_gmt":"2026-01-16T16:31:25","slug":"percurso","status":"publish","type":"page","link":"https:\/\/www.evoracathedral.com\/index.php\/museu\/percurso\/","title":{"rendered":"Percurso"},"content":{"rendered":"<p><\/p>\n<div class=\"csRow\">\u00a0<\/p>\n<div class=\"csRow\">\n<div class=\"csColumnGap\" style=\"margin: 0px; padding: 0px; float: left; width: 1.5%;\"><img decoding=\"async\" style=\"border: none;\" src=\"http:\/\/www.evoracathedral.com\/wp-content\/plugins\/advanced-wp-columns\/assets\/js\/plugins\/views\/img\/1x1-pixel.png\" \/><\/div>\n<div class=\"csColumn\" style=\"margin: 0px; padding: 0px; float: left; width: 47.7%;\" data-csstartpoint=\"15\" data-csendpoint=\"492\" data-cswidth=\"47.7%\" data-csid=\"92263186-d0b5-59af-875f-93e2655af0ae\">\u00a0<div style=\"width: 472px\" class=\"wp-caption alignnone\"><img loading=\"lazy\" decoding=\"async\" src=\"http:\/\/www.evoracathedral.com\/wp-content\/uploads\/2017\/04\/Body_Percurso.jpg\" alt=\"\" width=\"462\" height=\"695\" \/><p class=\"wp-caption-text\">Virgem do Para\u00edso (aberta)<\/p><\/div><\/p>\n<p class=\"mceTemp\" style=\"text-align: right;\">No final, descer ao piso 0. Encontra a\u00ed o antigo refeit\u00f3rio da Escola, onde se lia a B\u00edblia e vida de Santos para os alunos enquanto decorria a refei\u00e7\u00e3o; hoje \u00e9 a loja do Museu, onde pode adquirir algum souvenir ou produto regional. Na sa\u00edda, est\u00e1 a antiga cozinha, hoje cafetaria, onde poder\u00e1 apreciar sabores da regi\u00e3o e repousar um pouco, tanto no interior como na esplanada.<\/p>\n<p style=\"text-align: right;\">[QUADRADO VERMELHO]<\/p>\n<p><div style=\"width: 540px\" class=\"wp-caption alignnone\"><img loading=\"lazy\" decoding=\"async\" src=\"http:\/\/www.evoracathedral.com\/wp-content\/uploads\/2017\/05\/Body_Percurso3.jpg\" alt=\"\" width=\"530\" height=\"707\" \/><p class=\"wp-caption-text\">Pormenor da loja &#8211; p\u00falpito do antigo refeit\u00f3rio da Escola<\/p><\/div><\/div>\n<div class=\"csColumnGap\" style=\"margin: 0px; padding: 0px; float: left; width: 1.5%;\"><img decoding=\"async\" style=\"border: none;\" src=\"http:\/\/www.evoracathedral.com\/wp-content\/plugins\/advanced-wp-columns\/assets\/js\/plugins\/views\/img\/1x1-pixel.png\" \/><\/div>\n<div class=\"csColumn\" style=\"margin: 0px; padding: 0px; float: left; width: 47.8%;\" data-csstartpoint=\"507\" data-csendpoint=\"985\" data-cswidth=\"47.8%\" data-csid=\"19a34aed-e1a0-fa0b-9043-8087014bf4e3\">\n<p>&nbsp;<\/p>\n<p>Para ter conhecimento da majestosa estrutura do edif\u00edcio, que foi internato da Escola de M\u00fasica da S\u00e9 at\u00e9 ao s\u00e9c. XIX, e apreciar a riqueza do esp\u00f3lio art\u00edstico com pe\u00e7as \u00fanicas no pa\u00eds e raras na Europa, dever\u00e1 come\u00e7ar a sua visita pelo Orat\u00f3rio ou Capela, onde est\u00e1 representada a tem\u00e1tica central do Museu.<\/p>\n<p>&nbsp;<\/p>\n<p>Depois subir ao 2\u00ba piso, onde predomina a bel\u00edssima pintura de mestres da Escola de \u00c9vora, com um conjunto de celas ou quartos dos alunos, dedicados a tem\u00e1ticas especiais. N\u00e3o deixe de admirar a beleza do corredor e a Virgem do Para\u00edso exposta numa das celas.<\/p>\n<p>&nbsp;<\/p>\n<p>Depois dever\u00e1 descer ao 1\u00ba piso, com id\u00eantica estrutura do 2\u00ba piso, e onde predomina a ourivesaria nas vitrinas do corredor e em algumas celas, bem como paramentaria e outros objetos de elevado valor art\u00edstico.<\/p>\n<p>&nbsp;<\/p>\n<p>No fim do corredor, encontra-se a antiga sala de canto coral, hoje dedicada inteiramente ao Santo Lenho ou Santa Cruz, rel\u00edquia da Cruz de Jesus trazida pelos cruzados, e cuja hist\u00f3ria \u00e9 narrada pelos diversos quadros a\u00ed expostos.<\/p>\n<p>&nbsp;<\/p>\n<p><div style=\"width: 570px\" class=\"wp-caption alignnone\"><img loading=\"lazy\" decoding=\"async\" src=\"http:\/\/www.evoracathedral.com\/wp-content\/uploads\/2017\/05\/Body_Percurso2.jpg\" alt=\"\" width=\"560\" height=\"669\" \/><p class=\"wp-caption-text\">Adora\u00e7\u00e3o dos Magos<\/p><\/div><\/div>\n<div class=\"csColumnGap\" style=\"margin: 0px; padding: 0px; float: left; width: 1.5%;\"><img decoding=\"async\" style=\"border: none;\" src=\"http:\/\/www.evoracathedral.com\/wp-content\/plugins\/advanced-wp-columns\/assets\/js\/plugins\/views\/img\/1x1-pixel.png\" \/><\/div>\n<div style=\"clear: both; float: none; display: block; visibility: hidden; width: 0px; font-size: 0px; line-height: 0;\">\u00a0<\/div>\n<\/div>\n<\/div>\n<p><\/p>","protected":false},"excerpt":{"rendered":"<p>\u00a0 \u00a0 No final, descer ao piso 0. Encontra a\u00ed o antigo refeit\u00f3rio da Escola, onde se lia a B\u00edblia e vida de Santos para os alunos enquanto decorria a refei\u00e7\u00e3o; hoje \u00e9 a loja do Museu, onde pode adquirir algum souvenir ou produto regional. Na sa\u00edda, est\u00e1 a antiga cozinha, hoje cafetaria, onde poder\u00e1 [&hellip;]<\/p>\n","protected":false},"author":1,"featured_media":252,"parent":42,"menu_order":3,"comment_status":"closed","ping_status":"closed","template":"","meta":{"footnotes":""},"class_list":["post-48","page","type-page","status-publish","has-post-thumbnail","hentry"],"_links":{"self":[{"href":"https:\/\/www.evoracathedral.com\/index.php\/wp-json\/wp\/v2\/pages\/48","targetHints":{"allow":["GET"]}}],"collection":[{"href":"https:\/\/www.evoracathedral.com\/index.php\/wp-json\/wp\/v2\/pages"}],"about":[{"href":"https:\/\/www.evoracathedral.com\/index.php\/wp-json\/wp\/v2\/types\/page"}],"author":[{"embeddable":true,"href":"https:\/\/www.evoracathedral.com\/index.php\/wp-json\/wp\/v2\/users\/1"}],"replies":[{"embeddable":true,"href":"https:\/\/www.evoracathedral.com\/index.php\/wp-json\/wp\/v2\/comments?post=48"}],"version-history":[{"count":49,"href":"https:\/\/www.evoracathedral.com\/index.php\/wp-json\/wp\/v2\/pages\/48\/revisions"}],"predecessor-version":[{"id":732,"href":"https:\/\/www.evoracathedral.com\/index.php\/wp-json\/wp\/v2\/pages\/48\/revisions\/732"}],"up":[{"embeddable":true,"href":"https:\/\/www.evoracathedral.com\/index.php\/wp-json\/wp\/v2\/pages\/42"}],"wp:featuredmedia":[{"embeddable":true,"href":"https:\/\/www.evoracathedral.com\/index.php\/wp-json\/wp\/v2\/media\/252"}],"wp:attachment":[{"href":"https:\/\/www.evoracathedral.com\/index.php\/wp-json\/wp\/v2\/media?parent=48"}],"curies":[{"name":"wp","href":"https:\/\/api.w.org\/{rel}","templated":true}]}}