{"id":56,"date":"2017-04-05T15:55:07","date_gmt":"2017-04-05T15:55:07","guid":{"rendered":"http:\/\/www.evoracathedral.com\/?page_id=56"},"modified":"2026-01-16T16:31:42","modified_gmt":"2026-01-16T16:31:42","slug":"escola-de-musica","status":"publish","type":"page","link":"https:\/\/www.evoracathedral.com\/index.php\/escola-de-musica\/","title":{"rendered":"Escola de M\u00fasica"},"content":{"rendered":"<p><\/p>\n<p style=\"text-align: center;\"><span style=\"font-size: 14pt;\">A escola de M\u00fasica da S\u00e9 de \u00c9vora atingiu elevada notoriedade entre os s\u00e9c. XVI e XVIII.<\/span><\/p>\n<p style=\"text-align: center;\">\u00a0<\/p>\n<div class=\"csRow\">\n<div class=\"csColumnGap\" style=\"margin: 0px; padding: 0px; float: left; width: 1.56%;\"><img decoding=\"async\" style=\"border: none;\" src=\"http:\/\/www.evoracathedral.com\/wp-content\/plugins\/advanced-wp-columns\/assets\/js\/plugins\/views\/img\/1x1-pixel.png\" \/><\/div>\n<div class=\"csColumn\" style=\"margin: 0px; padding: 0px; float: left; width: 47.7%;\" data-csstartpoint=\"15\" data-csendpoint=\"472.5\" data-cswidth=\"47.7%\" data-csid=\"6e153c7e-e7ba-9f6e-a41a-d74038db4a20\"><div id=\"attachment_412\" style=\"width: 570px\" class=\"wp-caption alignnone\"><img loading=\"lazy\" decoding=\"async\" aria-describedby=\"caption-attachment-412\" class=\"size-full wp-image-412\" src=\"http:\/\/www.evoracathedral.com\/wp-content\/uploads\/2017\/04\/Body_EscolaMusica1.png\" alt=\"\" width=\"560\" height=\"794\" srcset=\"https:\/\/www.evoracathedral.com\/wp-content\/uploads\/2017\/04\/Body_EscolaMusica1.png 560w, https:\/\/www.evoracathedral.com\/wp-content\/uploads\/2017\/04\/Body_EscolaMusica1-212x300.png 212w\" sizes=\"auto, (max-width: 560px) 100vw, 560px\" \/><p id=\"caption-attachment-412\" class=\"wp-caption-text\">Livro dos Of\u00edcios<\/p><\/div><\/p>\n<p style=\"text-align: right;\">A proje\u00e7\u00e3o da Escola deveu-se a grandes mestres como Mateus d\u2019Aranda, primeiro mestre de Capela da S\u00e9, trazido para Portugal ainda pelo Cardeal D. Afonso, e de outros que lhe seguiram, como Manuel Mendes, Frei Manuel Cardoso, Duarte Lobo, Filipe de Magalh\u00e3es, Est\u00eav\u00e3o de Brito, Est\u00eav\u00e3o Lopes Morago, Gaspar Fernandes, Diogo Dias Melg\u00e1s, Francisco Martins e Gaspar Fernandes.\u00a0<\/p>\n<p style=\"text-align: right;\">\u00a0<\/p>\n<p style=\"text-align: right;\">Encerrou em meados do s\u00e9c. XIX, merc\u00ea das dificuldades econ\u00f3micas, criadas pelos novos acontecimentos pol\u00edticos.<\/p>\n<p style=\"text-align: right;\">[QUADRADO VERMELHO]<\/p>\n<\/div>\n<div class=\"csColumnGap\" style=\"margin: 0px; padding: 0px; float: left; width: 1.56%;\"><img decoding=\"async\" style=\"border: none;\" src=\"http:\/\/www.evoracathedral.com\/wp-content\/plugins\/advanced-wp-columns\/assets\/js\/plugins\/views\/img\/1x1-pixel.png\" \/><\/div>\n<div class=\"csColumn\" style=\"margin: 0px; padding: 0px; float: left; width: 47.7%;\" data-csstartpoint=\"487.5\" data-csendpoint=\"945\" data-cswidth=\"47.7%\" data-csid=\"c54741a4-3a71-dc46-bff3-2031d1e91937\">\n<p>&nbsp;<\/p>\n<p>N\u00e3o ser\u00e1 exagerado dizer-se que a Escola de M\u00fasica da S\u00e9 nasceu com o Cabido. Logo desde os primeiros tempos do Cabido, fundado em 1200, se organizou o ensino da M\u00fasica e tamb\u00e9m do Latim e da Ret\u00f3rica, entre outras disciplinas indispens\u00e1veis para a forma\u00e7\u00e3o dos Mo\u00e7os do Coro da S\u00e9, no quadro das escolas catedral\u00edcias ent\u00e3o em vigor. Seria, no entanto, por a\u00e7\u00e3o do Cardeal D. Henrique, no s\u00e9c. XVI que a Escola come\u00e7ou a impor-se pelo seu prest\u00edgio.<\/p>\n<p>&nbsp;<\/p>\n<p>Aqui nasceram mestres famosos que nos deixaram composi\u00e7\u00f5es musicais polif\u00f3nicas que ainda se podem consultar nos originais presentes no Arquivo.<\/p>\n<p><div id=\"attachment_413\" style=\"width: 570px\" class=\"wp-caption alignnone\"><img loading=\"lazy\" decoding=\"async\" aria-describedby=\"caption-attachment-413\" class=\"size-full wp-image-413\" src=\"http:\/\/www.evoracathedral.com\/wp-content\/uploads\/2017\/04\/Body_EscolaMusica2.png\" alt=\"\" width=\"560\" height=\"753\" srcset=\"https:\/\/www.evoracathedral.com\/wp-content\/uploads\/2017\/04\/Body_EscolaMusica2.png 560w, https:\/\/www.evoracathedral.com\/wp-content\/uploads\/2017\/04\/Body_EscolaMusica2-223x300.png 223w\" sizes=\"auto, (max-width: 560px) 100vw, 560px\" \/><p id=\"caption-attachment-413\" class=\"wp-caption-text\">Antifona em Canto Gregoriano<\/p><\/div><\/div>\n<div class=\"csColumnGap\" style=\"margin: 0px; padding: 0px; float: left; width: 1.56%;\"><img decoding=\"async\" style=\"border: none;\" src=\"http:\/\/www.evoracathedral.com\/wp-content\/plugins\/advanced-wp-columns\/assets\/js\/plugins\/views\/img\/1x1-pixel.png\" \/><\/div>\n<div style=\"clear: both; float: none; display: block; visibility: hidden; width: 0px; font-size: 0px; line-height: 0;\">\u00a0<\/div>\n<\/div>\n<p>&nbsp;<\/p>\n<p><\/p>","protected":false},"excerpt":{"rendered":"<p>A escola de M\u00fasica da S\u00e9 de \u00c9vora atingiu elevada notoriedade entre os s\u00e9c. XVI e XVIII. \u00a0 A proje\u00e7\u00e3o da Escola deveu-se a grandes mestres como Mateus d\u2019Aranda, primeiro mestre de Capela da S\u00e9, trazido para Portugal ainda pelo Cardeal D. Afonso, e de outros que lhe seguiram, como Manuel Mendes, Frei Manuel Cardoso, [&hellip;]<\/p>\n","protected":false},"author":1,"featured_media":249,"parent":0,"menu_order":8,"comment_status":"closed","ping_status":"closed","template":"","meta":{"footnotes":""},"class_list":["post-56","page","type-page","status-publish","has-post-thumbnail","hentry"],"_links":{"self":[{"href":"https:\/\/www.evoracathedral.com\/index.php\/wp-json\/wp\/v2\/pages\/56","targetHints":{"allow":["GET"]}}],"collection":[{"href":"https:\/\/www.evoracathedral.com\/index.php\/wp-json\/wp\/v2\/pages"}],"about":[{"href":"https:\/\/www.evoracathedral.com\/index.php\/wp-json\/wp\/v2\/types\/page"}],"author":[{"embeddable":true,"href":"https:\/\/www.evoracathedral.com\/index.php\/wp-json\/wp\/v2\/users\/1"}],"replies":[{"embeddable":true,"href":"https:\/\/www.evoracathedral.com\/index.php\/wp-json\/wp\/v2\/comments?post=56"}],"version-history":[{"count":20,"href":"https:\/\/www.evoracathedral.com\/index.php\/wp-json\/wp\/v2\/pages\/56\/revisions"}],"predecessor-version":[{"id":750,"href":"https:\/\/www.evoracathedral.com\/index.php\/wp-json\/wp\/v2\/pages\/56\/revisions\/750"}],"wp:featuredmedia":[{"embeddable":true,"href":"https:\/\/www.evoracathedral.com\/index.php\/wp-json\/wp\/v2\/media\/249"}],"wp:attachment":[{"href":"https:\/\/www.evoracathedral.com\/index.php\/wp-json\/wp\/v2\/media?parent=56"}],"curies":[{"name":"wp","href":"https:\/\/api.w.org\/{rel}","templated":true}]}}